{"id":2347,"date":"2025-12-11T14:32:55","date_gmt":"2025-12-11T19:32:55","guid":{"rendered":"https:\/\/hyundaitroisrivieres.com\/about\/our-story\/"},"modified":"2026-04-02T15:19:06","modified_gmt":"2026-04-02T19:19:06","slug":"our-story","status":"publish","type":"page","link":"https:\/\/hyundaitroisrivieres.com\/en\/about\/our-story\/","title":{"rendered":"Our Story"},"content":{"rendered":"\n<section class=\"wp-block-stereo-section-bloc section-block-normal\"><div class=\"wp-block-stereo-section__container\"><div class=\"wp-block-stereo-section__col is-layout-flow wp-block-stereo-section-bloc-is-layout-flow\">\n<p>Founded in 2001 by the Dusablon family, the Le Prix du Gros Group has flourished over the years. Bringing together 13 of the leading automotive brands across 11 different dealerships, our company is among the largest new and pre-owned vehicle networks in Quebec. With over 5,000 vehicles in stock and exceptional customer service, Le Prix du Gros is a clear leader in the automotive industry.<\/p>\n\n\n\n<p>The group\u2014comprising Kia Trois-Rivi\u00e8res, Kia Cap-Sant\u00e9, Kia Laurier-Station, Hyundai Trois-Rivi\u00e8res, Nissan Trois-Rivi\u00e8res, Nissan Shawinigan, Donnacona Chrysler, Mazda Trois-Rivi\u00e8res, Laurier-Station Chevrolet, Volvo Trois-Rivi\u00e8res, and the M\u00e9ga centre d\u2019occasion\u2014is powered by more than 650 dedicated employees committed to the ongoing success of our ever-growing company.<\/p>\n<\/div><\/div><\/section>\n\n\n\n<section class=\"wp-block-stereo-section-bloc has-theme-bg-primary-background-color has-background section-block-normal\"><div class=\"wp-block-stereo-section__container\"><div class=\"wp-block-stereo-section__col is-layout-flow wp-block-stereo-section-bloc-is-layout-flow\">\n<div class=\"wp-block-group is-layout-grid wp-container-core-group-is-layout-988b637e wp-block-group-is-layout-grid has-3-columns is-grid-layout\">\n<div class=\"wp-block-group is-layout-constrained wp-block-group-is-layout-constrained\">\n<h3 class=\"wp-block-heading has-text-align-center has-h-1-font-size\" style=\"margin-top:0;margin-bottom:0\">11<\/h3>\n\n\n\n<h3 class=\"wp-block-heading has-text-align-center\" style=\"margin-top:10px;margin-bottom:10px\">dealerships<\/h3>\n\n\n\n<p class=\"has-text-align-center\" style=\"margin-top:0;margin-bottom:0\">between Quebec City and Montreal<\/p>\n<\/div>\n\n\n\n<div class=\"wp-block-group is-layout-constrained wp-block-group-is-layout-constrained\">\n<h3 class=\"wp-block-heading has-text-align-center has-h-1-font-size\" style=\"margin-top:0;margin-bottom:0\">13<\/h3>\n\n\n\n<h3 class=\"wp-block-heading has-text-align-center\" style=\"margin-top:10px;margin-bottom:10px\">major <\/h3>\n\n\n\n<p class=\"has-text-align-center\" style=\"margin-top:0;margin-bottom:0\">automotive brands<\/p>\n<\/div>\n\n\n\n<div class=\"wp-block-group is-vertical is-content-justification-center is-layout-flex wp-container-core-group-is-layout-de19a45c wp-block-group-is-layout-flex\">\n<h3 class=\"wp-block-heading has-text-align-center\">Largest Inventory<\/h3>\n\n\n\n<p class=\"has-text-align-center\">of vehicles in stock<\/p>\n<\/div>\n<\/div>\n<\/div><\/div><\/section>\n\n\n\n<section class=\"wp-block-stereo-section-bloc section-block-normal\"><div class=\"wp-block-stereo-section__container\"><div class=\"wp-block-stereo-section__col is-layout-flow wp-block-stereo-section-bloc-is-layout-flow\">\n<p>Whatever your automotive needs may be, you will find exactly what you\u2019re looking for at any Le Prix du Gros dealership. Thanks to our sales, service, financing, mechanical, detailing, body shop, and parts departments, we can meet all your requirements. Our priority is customer satisfaction, which is why we offer high-quality, trustworthy service. No matter what vehicle you are searching for, we are committed to finding it for you\u2014always at the lowest price!<\/p>\n<\/div><\/div><\/section>\n\n\n\n<section class=\"wp-block-stereo-section-bloc section-block-normal\"><div class=\"wp-block-stereo-section__container\"><div class=\"wp-block-stereo-section__col is-layout-flow wp-block-stereo-section-bloc-is-layout-flow\">\n<div class=\"wp-block-group is-layout-grid wp-container-core-group-is-layout-b757edec wp-block-group-is-layout-grid has-2-columns is-grid-layout\">\n<div class=\"wp-block-group is-layout-constrained wp-block-group-is-layout-constrained\">\n<h2 class=\"wp-block-heading has-text-align-center\">Denis Dusablon<\/h2>\n\n\n\n<p class=\"has-text-align-center\">Founder &amp; Chairman<\/p>\n<\/div>\n\n\n\n<div class=\"wp-block-group is-layout-constrained wp-block-group-is-layout-constrained\">\n<h2 class=\"wp-block-heading has-text-align-center\">Benoit Dusablon<\/h2>\n\n\n\n<p class=\"has-text-align-center\">President &amp; CEO<\/p>\n<\/div>\n<\/div>\n<\/div><\/div><\/section>\n","protected":false},"excerpt":{"rendered":"","protected":false},"author":1,"featured_media":0,"parent":2345,"menu_order":0,"comment_status":"closed","ping_status":"closed","template":"","meta":{"_acf_changed":false,"slim_seo":{"title":"Our Story - Hyundai Trois-Rivi\u00e8res","description":""},"footnotes":""},"class_list":["post-2347","page","type-page","status-publish","hentry"],"acf":[],"_links":{"self":[{"href":"https:\/\/hyundaitroisrivieres.com\/en\/wp-json\/wp\/v2\/pages\/2347","targetHints":{"allow":["GET"]}}],"collection":[{"href":"https:\/\/hyundaitroisrivieres.com\/en\/wp-json\/wp\/v2\/pages"}],"about":[{"href":"https:\/\/hyundaitroisrivieres.com\/en\/wp-json\/wp\/v2\/types\/page"}],"author":[{"embeddable":true,"href":"https:\/\/hyundaitroisrivieres.com\/en\/wp-json\/wp\/v2\/users\/1"}],"replies":[{"embeddable":true,"href":"https:\/\/hyundaitroisrivieres.com\/en\/wp-json\/wp\/v2\/comments?post=2347"}],"version-history":[{"count":6,"href":"https:\/\/hyundaitroisrivieres.com\/en\/wp-json\/wp\/v2\/pages\/2347\/revisions"}],"predecessor-version":[{"id":325416,"href":"https:\/\/hyundaitroisrivieres.com\/en\/wp-json\/wp\/v2\/pages\/2347\/revisions\/325416"}],"up":[{"embeddable":true,"href":"https:\/\/hyundaitroisrivieres.com\/en\/wp-json\/wp\/v2\/pages\/2345"}],"wp:attachment":[{"href":"https:\/\/hyundaitroisrivieres.com\/en\/wp-json\/wp\/v2\/media?parent=2347"}],"curies":[{"name":"wp","href":"https:\/\/api.w.org\/{rel}","templated":true}]}}